{"id":3698,"date":"2024-07-31T10:20:41","date_gmt":"2024-07-31T08:20:41","guid":{"rendered":"https:\/\/www.trener4you.sk\/?page_id=3698"},"modified":"2025-08-13T21:38:40","modified_gmt":"2025-08-13T19:38:40","slug":"cennik","status":"publish","type":"page","link":"https:\/\/www.trener4you.sk\/en\/cennik\/","title":{"rendered":"Pricing"},"content":{"rendered":"<div id=\"pricing\"  data-column-margin=\"default\" data-midnight=\"dark\" data-top-percent=\"6%\" data-bottom-percent=\"6%\"  class=\"wpb_row vc_row-fluid vc_row full-width-section standard_section\"  style=\"padding-top: calc(100vw * 0.06); padding-bottom: calc(100vw * 0.06); \"><div class=\"row-bg-wrap\" data-bg-animation=\"none\" data-bg-overlay=\"true\"><div class=\"inner-wrap\"><div class=\"row-bg using-bg-color\"  style=\"background-color: #f7f7f7; \"><\/div><\/div><div class=\"row-bg-overlay\" style=\"background-color:#ffffff;  opacity: 1; \"><\/div><\/div><div class=\"row_col_wrap_12 col span_12 dark left\">\n\t<div  class=\"vc_col-sm-12 wpb_column column_container vc_column_container col no-extra-padding inherit_tablet inherit_phone\"  data-t-w-inherits=\"default\" data-bg-cover=\"\" data-padding-pos=\"all\" data-has-bg-color=\"false\" data-bg-color=\"\" data-bg-opacity=\"1\" data-hover-bg=\"\" data-hover-bg-opacity=\"1\" data-animation=\"\" data-delay=\"0\" >\n\t\t<div class=\"vc_column-inner\" ><div class=\"column-bg-overlay-wrap\" data-bg-animation=\"none\"><div class=\"column-bg-overlay\"><\/div><\/div>\n\t\t\t<div class=\"wpb_wrapper\">\n\t\t\t\t<div id=\"fws_69ece41502d36\" data-midnight=\"\" data-column-margin=\"default\" class=\"wpb_row vc_row-fluid vc_row inner_row standard_section   top_padding_phone_30px\"  style=\"padding-top: 0px; padding-bottom: 0px; \"><div class=\"row-bg-wrap\"> <div class=\"row-bg\" ><\/div> <\/div><div class=\"row_col_wrap_12_inner col span_12  left\">\n\t<div  class=\"vc_col-sm-12 wpb_column column_container vc_column_container col child_column centered-text has-animation no-extra-padding inherit_tablet inherit_phone\"   data-t-w-inherits=\"default\" data-bg-cover=\"\" data-padding-pos=\"all\" data-has-bg-color=\"false\" data-bg-color=\"\" data-bg-opacity=\"1\" data-hover-bg=\"\" data-hover-bg-opacity=\"1\" data-animation=\"fade-in\" data-delay=\"0\">\n\t\t<div class=\"vc_column-inner\" ><div class=\"column-bg-overlay-wrap\" data-bg-animation=\"none\"><div class=\"column-bg-overlay\"><\/div><\/div>\n\t\t<div class=\"wpb_wrapper\">\n\t\t\t\r\n<div class=\"wpb_text_column wpb_content_element  vc_custom_1725371139021\" >\r\n\t<div class=\"wpb_wrapper\">\r\n\t\t<h2>Pricing<\/h2>\n\t<\/div>\r\n<\/div>\r\n\r\n\r\n\r\n<div class=\"divider-wrap\" data-alignment=\"default\"><div style=\"margin-top: 15px; width: 120px; height: 3px; margin-bottom: 15px;\" data-width=\"120\" data-animate=\"yes\" data-animation-delay=\"100\" data-color=\"accent-color\" class=\"divider-small-border\"><\/div><\/div>\r\n<div class=\"wpb_text_column wpb_content_element  vc_custom_1722609413230\" style=\" max-width: 450px; display: inline-block;\">\r\n\t<div class=\"wpb_wrapper\">\r\n\t\t<h3><span style=\"color: #999999;\">Every training and nutrition program should reflect individual needs.\u00a0<\/span><\/h3>\n\t<\/div>\r\n<\/div>\r\n\r\n\r\n\r\n\n\t\t<\/div> \n\t<\/div>\n\t<\/div> \n<\/div><\/div><div id=\"fws_69ece415039d9\" data-midnight=\"\" data-column-margin=\"default\" class=\"wpb_row vc_row-fluid vc_row inner_row standard_section\"  style=\"padding-top: 0px; padding-bottom: 0px; \"><div class=\"row-bg-wrap\"> <div class=\"row-bg\" ><\/div> <\/div><div class=\"row_col_wrap_12_inner col span_12  left\">\n\t<div  class=\"vc_col-sm-3 wpb_column column_container vc_column_container col child_column centered-text no-extra-padding inherit_tablet inherit_phone\"   data-t-w-inherits=\"default\" data-border-radius=\"10px\" data-border-animation=\"\" data-border-animation-delay=\"\" data-border-width=\"1px\" data-border-style=\"solid\" data-border-color=\"#bbae93\" data-bg-cover=\"\" data-padding-pos=\"all\" data-has-bg-color=\"false\" data-bg-color=\"\" data-bg-opacity=\"1\" data-hover-bg=\"\" data-hover-bg-opacity=\"1\" data-animation=\"\" data-delay=\"0\">\n\t\t<div class=\"vc_column-inner\" style=\"border: 1px solid #bbae93;\"><div class=\"column-bg-overlay-wrap\" data-bg-animation=\"none\"><div class=\"column-bg-overlay\"><\/div><\/div>\n\t\t<div class=\"wpb_wrapper\">\n\t\t\t<div class=\"nectar-fancy-box using-img\" data-style=\"color_box_basic\" data-animation=\"\" data-hover-o=\"default\" data-border-radius=\"10px\" data-border=\"\" data-box-color-opacity=\"1\" data-delay=\"\" data-alignment=\"center\" data-color=\"#ffffff\" style=\"color: #333333;\"><div class=\"box-bg\"  style=\"background-image: url('https:\/\/source.unsplash.com\/featured\/daily\/?mountains');  background-color: #ffffff;\"><\/div> <div class=\"inner\" style=\"min-height: 400px\">\n<h5>10 training sessions<\/h5>\n<h2><span style=\"color: #bbae93\">\u20ac290<\/span><\/h2>\n<p>Discounted price for purchasing 10 training sessions<\/div>  <a  href=\"https:\/\/www.trener4you.sk\/en\/kontakt\/\" class=\"box-link\"><\/a> <\/div>\n\t\t<\/div> \n\t<\/div>\n\t<\/div> \n\n\t<div  class=\"vc_col-sm-3 wpb_column column_container vc_column_container col child_column no-extra-padding inherit_tablet inherit_phone\"   data-t-w-inherits=\"default\" data-border-radius=\"10px\" data-border-animation=\"\" data-border-animation-delay=\"\" data-border-width=\"1px\" data-border-style=\"solid\" data-border-color=\"#bbae93\" data-bg-cover=\"\" data-padding-pos=\"all\" data-has-bg-color=\"false\" data-bg-color=\"\" data-bg-opacity=\"1\" data-hover-bg=\"\" data-hover-bg-opacity=\"1\" data-animation=\"\" data-delay=\"0\">\n\t\t<div class=\"vc_column-inner\" style=\"border: 1px solid #bbae93;\"><div class=\"column-bg-overlay-wrap\" data-bg-animation=\"none\"><div class=\"column-bg-overlay\"><\/div><\/div>\n\t\t<div class=\"wpb_wrapper\">\n\t\t\t<div class=\"nectar-fancy-box using-img\" data-style=\"color_box_basic\" data-animation=\"\" data-hover-o=\"default\" data-border-radius=\"10px\" data-border=\"\" data-box-color-opacity=\"1\" data-delay=\"\" data-alignment=\"center\" data-color=\"#ffffff\" style=\"color: #333333;\"><div class=\"box-bg\"  style=\"background-image: url('https:\/\/source.unsplash.com\/featured\/daily\/?mountains');  background-color: #ffffff;\"><\/div> <div class=\"inner\" style=\"min-height: 400px\">\n<h5>Student Discounts<\/h5>\n<h2><span style=\"color: #bbae93\">50% OFF<\/span><\/h2>\n<p>All exercise options are available to students at over 50% off.<\/div>  <a  href=\"https:\/\/www.trener4you.sk\/en\/kontakt\/\" class=\"box-link\"><\/a> <\/div>\n\t\t<\/div> \n\t<\/div>\n\t<\/div> \n\n\t<div  class=\"vc_col-sm-3 wpb_column column_container vc_column_container col child_column no-extra-padding inherit_tablet inherit_phone\"   data-t-w-inherits=\"default\" data-border-radius=\"10px\" data-border-animation=\"\" data-border-animation-delay=\"\" data-border-width=\"1px\" data-border-style=\"solid\" data-border-color=\"#bbae93\" data-bg-cover=\"\" data-padding-pos=\"all\" data-has-bg-color=\"false\" data-bg-color=\"\" data-bg-opacity=\"1\" data-hover-bg=\"\" data-hover-bg-opacity=\"1\" data-animation=\"\" data-delay=\"0\">\n\t\t<div class=\"vc_column-inner\" style=\"border: 1px solid #bbae93;\"><div class=\"column-bg-overlay-wrap\" data-bg-animation=\"none\"><div class=\"column-bg-overlay\"><\/div><\/div>\n\t\t<div class=\"wpb_wrapper\">\n\t\t\t<div class=\"nectar-fancy-box using-img\" data-style=\"color_box_basic\" data-animation=\"\" data-hover-o=\"default\" data-border-radius=\"10px\" data-border=\"\" data-box-color-opacity=\"1\" data-delay=\"\" data-alignment=\"center\" data-color=\"#ffffff\" style=\"color: #333333;\"><div class=\"box-bg\"  style=\"background-image: url('https:\/\/source.unsplash.com\/featured\/daily\/?mountains');  background-color: #ffffff;\"><\/div> <div class=\"inner\" style=\"min-height: 400px\">\n<h5>Individual Collaboration<\/h5>\n<h2><span style=\"color: #bbae93;font-size: 33px\">Negotiable<\/span><\/h2>\n<p>We are all different and need a unique approach. We will discuss your expectations personally.<\/div>  <a  href=\"https:\/\/www.trener4you.sk\/en\/kontakt\/\" class=\"box-link\"><\/a> <\/div>\n\t\t<\/div> \n\t<\/div>\n\t<\/div> \n\n\t<div  class=\"vc_col-sm-3 wpb_column column_container vc_column_container col child_column no-extra-padding inherit_tablet inherit_phone\"   data-t-w-inherits=\"default\" data-border-radius=\"10px\" data-border-animation=\"\" data-border-animation-delay=\"\" data-border-width=\"1px\" data-border-style=\"solid\" data-border-color=\"#bbae93\" data-bg-cover=\"\" data-padding-pos=\"all\" data-has-bg-color=\"false\" data-bg-color=\"\" data-bg-opacity=\"1\" data-hover-bg=\"\" data-hover-bg-opacity=\"1\" data-animation=\"\" data-delay=\"0\">\n\t\t<div class=\"vc_column-inner\" style=\"border: 1px solid #bbae93;\"><div class=\"column-bg-overlay-wrap\" data-bg-animation=\"none\"><div class=\"column-bg-overlay\"><\/div><\/div>\n\t\t<div class=\"wpb_wrapper\">\n\t\t\t<div class=\"nectar-fancy-box using-img\" data-style=\"color_box_basic\" data-animation=\"\" data-hover-o=\"default\" data-border-radius=\"10px\" data-border=\"\" data-box-color-opacity=\"1\" data-delay=\"\" data-alignment=\"center\" data-color=\"#ffffff\" style=\"color: #333333;\"><div class=\"box-bg\"  style=\"background-image: url('https:\/\/source.unsplash.com\/featured\/daily\/?mountains');  background-color: #ffffff;\"><\/div> <div class=\"inner\" style=\"min-height: 400px\">\n<h5>Nutrition Program<\/h5>\n<h2><span style=\"color: #bbae93\">\u20ac150<\/span><\/h2>\n<p>Comprehensive nutrition and supplementation plan<\/div>  <a  href=\"https:\/\/www.trener4you.sk\/en\/kontakt\/\" class=\"box-link\"><\/a> <\/div>\n\t\t<\/div> \n\t<\/div>\n\t<\/div> \n<\/div><\/div>\n\t\t\t<\/div> \n\t\t<\/div>\n\t<\/div> \n<\/div><\/div>","protected":false},"excerpt":{"rendered":"Cenn\u00edk Ka\u017ed\u00fd tr\u00e9ningov\u00fd a stravovac\u00ed program by mal odr\u00e1\u017ea\u0165 individu\u00e1lne potreby.\u00a0 10 tr\u00e9ningov\u00fdch jednotiek \u20ac290 Zv\u00fdhodnen\u00e1 cena pri k\u00fape 10 tr\u00e9ningov\u00fdch jednotiek. \u0160tudentsk\u00e9 z\u013eavy Z\u013eava 50% V\u0161etky mo\u017enosti cvi\u010den\u00ed s\u00fa...","protected":false},"author":1,"featured_media":0,"parent":0,"menu_order":0,"comment_status":"closed","ping_status":"closed","template":"","meta":{"_monsterinsights_skip_tracking":false,"_monsterinsights_sitenote_active":false,"_monsterinsights_sitenote_note":"","_monsterinsights_sitenote_category":0,"footnotes":""},"class_list":["post-3698","page","type-page","status-publish"],"yoast_head":"<!-- This site is optimized with the Yoast SEO plugin v22.2 - https:\/\/yoast.com\/wordpress\/plugins\/seo\/ -->\n<title>Cenn\u00edk - Michal Di\u0161kant<\/title>\n<meta name=\"robots\" content=\"index, follow, max-snippet:-1, max-image-preview:large, max-video-preview:-1\" \/>\n<link rel=\"canonical\" href=\"https:\/\/www.trener4you.sk\/en\/cennik\/\" \/>\n<meta property=\"og:locale\" content=\"en_GB\" \/>\n<meta property=\"og:type\" content=\"article\" \/>\n<meta property=\"og:title\" content=\"Cenn\u00edk - Michal Di\u0161kant\" \/>\n<meta property=\"og:url\" content=\"https:\/\/www.trener4you.sk\/en\/cennik\/\" \/>\n<meta property=\"og:site_name\" content=\"Michal Di\u0161kant\" \/>\n<meta property=\"article:modified_time\" content=\"2025-08-13T19:38:40+00:00\" \/>\n<meta name=\"twitter:card\" content=\"summary_large_image\" \/>\n<meta name=\"twitter:label1\" content=\"Estimated reading time\" \/>\n\t<meta name=\"twitter:data1\" content=\"2 minutes\" \/>\n<script type=\"application\/ld+json\" class=\"yoast-schema-graph\">{\"@context\":\"https:\/\/schema.org\",\"@graph\":[{\"@type\":\"WebPage\",\"@id\":\"https:\/\/www.trener4you.sk\/cennik\/\",\"url\":\"https:\/\/www.trener4you.sk\/cennik\/\",\"name\":\"Cenn\u00edk - Michal Di\u0161kant\",\"isPartOf\":{\"@id\":\"https:\/\/www.trener4you.sk\/#website\"},\"datePublished\":\"2024-07-31T08:20:41+00:00\",\"dateModified\":\"2025-08-13T19:38:40+00:00\",\"breadcrumb\":{\"@id\":\"https:\/\/www.trener4you.sk\/cennik\/#breadcrumb\"},\"inLanguage\":\"en-GB\",\"potentialAction\":[{\"@type\":\"ReadAction\",\"target\":[\"https:\/\/www.trener4you.sk\/cennik\/\"]}]},{\"@type\":\"BreadcrumbList\",\"@id\":\"https:\/\/www.trener4you.sk\/cennik\/#breadcrumb\",\"itemListElement\":[{\"@type\":\"ListItem\",\"position\":1,\"name\":\"Home\",\"item\":\"https:\/\/www.trener4you.sk\/\"},{\"@type\":\"ListItem\",\"position\":2,\"name\":\"Cenn\u00edk\"}]},{\"@type\":\"WebSite\",\"@id\":\"https:\/\/www.trener4you.sk\/#website\",\"url\":\"https:\/\/www.trener4you.sk\/\",\"name\":\"Michal Di\u0161kant\",\"description\":\"\",\"potentialAction\":[{\"@type\":\"SearchAction\",\"target\":{\"@type\":\"EntryPoint\",\"urlTemplate\":\"https:\/\/www.trener4you.sk\/?s={search_term_string}\"},\"query-input\":\"required name=search_term_string\"}],\"inLanguage\":\"en-GB\"}]}<\/script>\n<!-- \/ Yoast SEO plugin. -->","yoast_head_json":{"title":"Cenn\u00edk - Michal Di\u0161kant","robots":{"index":"index","follow":"follow","max-snippet":"max-snippet:-1","max-image-preview":"max-image-preview:large","max-video-preview":"max-video-preview:-1"},"canonical":"https:\/\/www.trener4you.sk\/en\/cennik\/","og_locale":"en_GB","og_type":"article","og_title":"Cenn\u00edk - Michal Di\u0161kant","og_url":"https:\/\/www.trener4you.sk\/en\/cennik\/","og_site_name":"Michal Di\u0161kant","article_modified_time":"2025-08-13T19:38:40+00:00","twitter_card":"summary_large_image","twitter_misc":{"Estimated reading time":"2 minutes"},"schema":{"@context":"https:\/\/schema.org","@graph":[{"@type":"WebPage","@id":"https:\/\/www.trener4you.sk\/cennik\/","url":"https:\/\/www.trener4you.sk\/cennik\/","name":"Cenn\u00edk - Michal Di\u0161kant","isPartOf":{"@id":"https:\/\/www.trener4you.sk\/#website"},"datePublished":"2024-07-31T08:20:41+00:00","dateModified":"2025-08-13T19:38:40+00:00","breadcrumb":{"@id":"https:\/\/www.trener4you.sk\/cennik\/#breadcrumb"},"inLanguage":"en-GB","potentialAction":[{"@type":"ReadAction","target":["https:\/\/www.trener4you.sk\/cennik\/"]}]},{"@type":"BreadcrumbList","@id":"https:\/\/www.trener4you.sk\/cennik\/#breadcrumb","itemListElement":[{"@type":"ListItem","position":1,"name":"Home","item":"https:\/\/www.trener4you.sk\/"},{"@type":"ListItem","position":2,"name":"Cenn\u00edk"}]},{"@type":"WebSite","@id":"https:\/\/www.trener4you.sk\/#website","url":"https:\/\/www.trener4you.sk\/","name":"Michal Di\u0161kant","description":"","potentialAction":[{"@type":"SearchAction","target":{"@type":"EntryPoint","urlTemplate":"https:\/\/www.trener4you.sk\/?s={search_term_string}"},"query-input":"required name=search_term_string"}],"inLanguage":"en-GB"}]}},"_links":{"self":[{"href":"https:\/\/www.trener4you.sk\/en\/wp-json\/wp\/v2\/pages\/3698","targetHints":{"allow":["GET"]}}],"collection":[{"href":"https:\/\/www.trener4you.sk\/en\/wp-json\/wp\/v2\/pages"}],"about":[{"href":"https:\/\/www.trener4you.sk\/en\/wp-json\/wp\/v2\/types\/page"}],"author":[{"embeddable":true,"href":"https:\/\/www.trener4you.sk\/en\/wp-json\/wp\/v2\/users\/1"}],"replies":[{"embeddable":true,"href":"https:\/\/www.trener4you.sk\/en\/wp-json\/wp\/v2\/comments?post=3698"}],"version-history":[{"count":9,"href":"https:\/\/www.trener4you.sk\/en\/wp-json\/wp\/v2\/pages\/3698\/revisions"}],"predecessor-version":[{"id":4346,"href":"https:\/\/www.trener4you.sk\/en\/wp-json\/wp\/v2\/pages\/3698\/revisions\/4346"}],"wp:attachment":[{"href":"https:\/\/www.trener4you.sk\/en\/wp-json\/wp\/v2\/media?parent=3698"}],"curies":[{"name":"wp","href":"https:\/\/api.w.org\/{rel}","templated":true}]}}